{"id":136,"date":"2021-09-11T09:49:19","date_gmt":"2021-09-11T07:49:19","guid":{"rendered":"https:\/\/ecole-jeanne-darc-troyes.fr\/?page_id=136"},"modified":"2025-04-08T11:25:24","modified_gmt":"2025-04-08T09:25:24","slug":"pastoral","status":"publish","type":"page","link":"https:\/\/ecole-jeanne-darc-troyes.fr\/?page_id=136","title":{"rendered":"Pastorale"},"content":{"rendered":"\t\t<div data-elementor-type=\"wp-page\" data-elementor-id=\"136\" class=\"elementor elementor-136\" data-elementor-post-type=\"page\">\n\t\t\t\t\t\t<section class=\"elementor-section elementor-top-section elementor-element elementor-element-90b18a3 elementor-section-boxed elementor-section-height-default elementor-section-height-default\" data-id=\"90b18a3\" data-element_type=\"section\" data-e-type=\"section\">\n\t\t\t\t\t\t<div class=\"elementor-container elementor-column-gap-default\">\n\t\t\t\t\t<div class=\"elementor-column elementor-col-50 elementor-top-column elementor-element elementor-element-38e8369\" data-id=\"38e8369\" data-element_type=\"column\" data-e-type=\"column\">\n\t\t\t<div class=\"elementor-widget-wrap elementor-element-populated\">\n\t\t\t\t\t\t<div class=\"elementor-element elementor-element-7fe541b elementor-widget elementor-widget-image\" data-id=\"7fe541b\" data-element_type=\"widget\" data-e-type=\"widget\" data-widget_type=\"image.default\">\n\t\t\t\t<div class=\"elementor-widget-container\">\n\t\t\t\t\t\t\t\t\t\t\t\t\t\t\t<img fetchpriority=\"high\" decoding=\"async\" width=\"640\" height=\"480\" src=\"https:\/\/ecole-jeanne-darc-troyes.fr\/wp-content\/uploads\/2024\/12\/IMG_4532.jpg\" class=\"attachment-large size-large wp-image-1437\" alt=\"\" srcset=\"https:\/\/ecole-jeanne-darc-troyes.fr\/wp-content\/uploads\/2024\/12\/IMG_4532.jpg 640w, https:\/\/ecole-jeanne-darc-troyes.fr\/wp-content\/uploads\/2024\/12\/IMG_4532-300x225.jpg 300w\" sizes=\"(max-width: 640px) 100vw, 640px\" \/>\t\t\t\t\t\t\t\t\t\t\t\t\t\t\t<\/div>\n\t\t\t\t<\/div>\n\t\t\t\t\t<\/div>\n\t\t<\/div>\n\t\t\t\t<div class=\"elementor-column elementor-col-50 elementor-top-column elementor-element elementor-element-11477b0\" data-id=\"11477b0\" data-element_type=\"column\" data-e-type=\"column\">\n\t\t\t<div class=\"elementor-widget-wrap elementor-element-populated\">\n\t\t\t\t\t\t<div class=\"elementor-element elementor-element-0124d5a elementor-widget__width-initial elementor-widget elementor-widget-image\" data-id=\"0124d5a\" data-element_type=\"widget\" data-e-type=\"widget\" data-widget_type=\"image.default\">\n\t\t\t\t<div class=\"elementor-widget-container\">\n\t\t\t\t\t\t\t\t\t\t\t\t\t\t\t<img decoding=\"async\" width=\"746\" height=\"646\" src=\"https:\/\/ecole-jeanne-darc-troyes.fr\/wp-content\/uploads\/2024\/12\/Capture-decran-2024-12-02-154529.png\" class=\"attachment-large size-large wp-image-1410\" alt=\"\" srcset=\"https:\/\/ecole-jeanne-darc-troyes.fr\/wp-content\/uploads\/2024\/12\/Capture-decran-2024-12-02-154529.png 746w, https:\/\/ecole-jeanne-darc-troyes.fr\/wp-content\/uploads\/2024\/12\/Capture-decran-2024-12-02-154529-300x260.png 300w\" sizes=\"(max-width: 746px) 100vw, 746px\" \/>\t\t\t\t\t\t\t\t\t\t\t\t\t\t\t<\/div>\n\t\t\t\t<\/div>\n\t\t\t\t\t<\/div>\n\t\t<\/div>\n\t\t\t\t\t<\/div>\n\t\t<\/section>\n\t\t\t\t<section class=\"elementor-section elementor-top-section elementor-element elementor-element-77252aa elementor-section-boxed elementor-section-height-default elementor-section-height-default\" data-id=\"77252aa\" data-element_type=\"section\" data-e-type=\"section\">\n\t\t\t\t\t\t<div class=\"elementor-container elementor-column-gap-default\">\n\t\t\t\t\t<div class=\"elementor-column elementor-col-100 elementor-top-column elementor-element elementor-element-131d70a\" data-id=\"131d70a\" data-element_type=\"column\" data-e-type=\"column\">\n\t\t\t<div class=\"elementor-widget-wrap elementor-element-populated\">\n\t\t\t\t\t\t<div class=\"elementor-element elementor-element-3d42910 elementor-widget elementor-widget-text-editor\" data-id=\"3d42910\" data-element_type=\"widget\" data-e-type=\"widget\" data-widget_type=\"text-editor.default\">\n\t\t\t\t<div class=\"elementor-widget-container\">\n\t\t\t\t\t\t\t\t\t<h1>\u00a0 \u00a0 \u00a0 \u00a0 \u00a0 \u00a0 \u00a0 \u00a0 \u00a0 \u00a0 \u00a0 \u00a0 \u00a0 \u00a0 \u00a0 \u00a0 \u00a0 \u00a0 \u00a0 \u00a0 \u00a0 \u00a0 \u00a0 \u00a0 \u00a0C\u00e9<b>l\u00e9bration de No\u00ebl\u00a0\u00a0<\/b><\/h1><h1><b>\u00a0 \u00a0 \u00a0 \u00a0 \u00a0 \u00a0 \u00a0 \u00a0 \u00a0 \u00a0 \u00a0 \u00a0 \u00a0 \u00a0 \u00a0 \u00a0 \u00a0 \u00a0 \u00a0 \u00a0 \u00a0 \u00a0 \u00a0 \u00a0 \u00a0 \u00a0 \u00a0 \u00a0 \u00a0 \u00a0 \u00a0 \u00a0 \u00a0 \u00a0Mardi 17 d\u00e9cembre 2024<\/b><\/h1>\t\t\t\t\t\t\t\t<\/div>\n\t\t\t\t<\/div>\n\t\t\t\t\t<\/div>\n\t\t<\/div>\n\t\t\t\t\t<\/div>\n\t\t<\/section>\n\t\t\t\t<section class=\"elementor-section elementor-top-section elementor-element elementor-element-4c2ba06 elementor-section-boxed elementor-section-height-default elementor-section-height-default\" data-id=\"4c2ba06\" data-element_type=\"section\" data-e-type=\"section\">\n\t\t\t\t\t\t<div class=\"elementor-container elementor-column-gap-default\">\n\t\t\t\t\t<div class=\"elementor-column elementor-col-25 elementor-top-column elementor-element elementor-element-3f0a30a\" data-id=\"3f0a30a\" data-element_type=\"column\" data-e-type=\"column\">\n\t\t\t<div class=\"elementor-widget-wrap elementor-element-populated\">\n\t\t\t\t\t\t<div class=\"elementor-element elementor-element-8558e94 elementor-widget elementor-widget-image\" data-id=\"8558e94\" data-element_type=\"widget\" data-e-type=\"widget\" data-widget_type=\"image.default\">\n\t\t\t\t<div class=\"elementor-widget-container\">\n\t\t\t\t\t\t\t\t\t\t\t\t\t\t\t<img decoding=\"async\" width=\"480\" height=\"640\" src=\"https:\/\/ecole-jeanne-darc-troyes.fr\/wp-content\/uploads\/2024\/12\/IMG_4537-rotated.jpg\" class=\"attachment-large size-large wp-image-1425\" alt=\"\" srcset=\"https:\/\/ecole-jeanne-darc-troyes.fr\/wp-content\/uploads\/2024\/12\/IMG_4537-rotated.jpg 480w, https:\/\/ecole-jeanne-darc-troyes.fr\/wp-content\/uploads\/2024\/12\/IMG_4537-225x300.jpg 225w\" sizes=\"(max-width: 480px) 100vw, 480px\" \/>\t\t\t\t\t\t\t\t\t\t\t\t\t\t\t<\/div>\n\t\t\t\t<\/div>\n\t\t\t\t\t<\/div>\n\t\t<\/div>\n\t\t\t\t<div class=\"elementor-column elementor-col-25 elementor-top-column elementor-element elementor-element-a0fd71e\" data-id=\"a0fd71e\" data-element_type=\"column\" data-e-type=\"column\">\n\t\t\t<div class=\"elementor-widget-wrap elementor-element-populated\">\n\t\t\t\t\t\t<div class=\"elementor-element elementor-element-2536bb1 elementor-widget elementor-widget-image\" data-id=\"2536bb1\" data-element_type=\"widget\" data-e-type=\"widget\" data-widget_type=\"image.default\">\n\t\t\t\t<div class=\"elementor-widget-container\">\n\t\t\t\t\t\t\t\t\t\t\t\t\t\t\t<img loading=\"lazy\" decoding=\"async\" width=\"480\" height=\"640\" src=\"https:\/\/ecole-jeanne-darc-troyes.fr\/wp-content\/uploads\/2024\/12\/IMG_4536-rotated.jpg\" class=\"attachment-large size-large wp-image-1423\" alt=\"\" srcset=\"https:\/\/ecole-jeanne-darc-troyes.fr\/wp-content\/uploads\/2024\/12\/IMG_4536-rotated.jpg 480w, https:\/\/ecole-jeanne-darc-troyes.fr\/wp-content\/uploads\/2024\/12\/IMG_4536-225x300.jpg 225w\" sizes=\"(max-width: 480px) 100vw, 480px\" \/>\t\t\t\t\t\t\t\t\t\t\t\t\t\t\t<\/div>\n\t\t\t\t<\/div>\n\t\t\t\t\t<\/div>\n\t\t<\/div>\n\t\t\t\t<div class=\"elementor-column elementor-col-25 elementor-top-column elementor-element elementor-element-95e27b5\" data-id=\"95e27b5\" data-element_type=\"column\" data-e-type=\"column\">\n\t\t\t<div class=\"elementor-widget-wrap elementor-element-populated\">\n\t\t\t\t\t\t<div class=\"elementor-element elementor-element-b1a104b elementor-widget elementor-widget-image\" data-id=\"b1a104b\" data-element_type=\"widget\" data-e-type=\"widget\" data-widget_type=\"image.default\">\n\t\t\t\t<div class=\"elementor-widget-container\">\n\t\t\t\t\t\t\t\t\t\t\t\t\t\t\t<img loading=\"lazy\" decoding=\"async\" width=\"480\" height=\"640\" src=\"https:\/\/ecole-jeanne-darc-troyes.fr\/wp-content\/uploads\/2024\/12\/IMG_4535-rotated.jpg\" class=\"attachment-large size-large wp-image-1422\" alt=\"\" srcset=\"https:\/\/ecole-jeanne-darc-troyes.fr\/wp-content\/uploads\/2024\/12\/IMG_4535-rotated.jpg 480w, https:\/\/ecole-jeanne-darc-troyes.fr\/wp-content\/uploads\/2024\/12\/IMG_4535-225x300.jpg 225w\" sizes=\"(max-width: 480px) 100vw, 480px\" \/>\t\t\t\t\t\t\t\t\t\t\t\t\t\t\t<\/div>\n\t\t\t\t<\/div>\n\t\t\t\t\t<\/div>\n\t\t<\/div>\n\t\t\t\t<div class=\"elementor-column elementor-col-25 elementor-top-column elementor-element elementor-element-965d356\" data-id=\"965d356\" data-element_type=\"column\" data-e-type=\"column\">\n\t\t\t<div class=\"elementor-widget-wrap elementor-element-populated\">\n\t\t\t\t\t\t<div class=\"elementor-element elementor-element-eab0d7c elementor-widget elementor-widget-image\" data-id=\"eab0d7c\" data-element_type=\"widget\" data-e-type=\"widget\" data-widget_type=\"image.default\">\n\t\t\t\t<div class=\"elementor-widget-container\">\n\t\t\t\t\t\t\t\t\t\t\t\t\t\t\t<img loading=\"lazy\" decoding=\"async\" width=\"480\" height=\"640\" src=\"https:\/\/ecole-jeanne-darc-troyes.fr\/wp-content\/uploads\/2024\/12\/IMG_4534-rotated.jpg\" class=\"attachment-large size-large wp-image-1421\" alt=\"\" srcset=\"https:\/\/ecole-jeanne-darc-troyes.fr\/wp-content\/uploads\/2024\/12\/IMG_4534-rotated.jpg 480w, https:\/\/ecole-jeanne-darc-troyes.fr\/wp-content\/uploads\/2024\/12\/IMG_4534-225x300.jpg 225w\" sizes=\"(max-width: 480px) 100vw, 480px\" \/>\t\t\t\t\t\t\t\t\t\t\t\t\t\t\t<\/div>\n\t\t\t\t<\/div>\n\t\t\t\t\t<\/div>\n\t\t<\/div>\n\t\t\t\t\t<\/div>\n\t\t<\/section>\n\t\t\t\t<section class=\"elementor-section elementor-top-section elementor-element elementor-element-8579d06 elementor-section-boxed elementor-section-height-default elementor-section-height-default\" data-id=\"8579d06\" data-element_type=\"section\" data-e-type=\"section\">\n\t\t\t\t\t\t<div class=\"elementor-container elementor-column-gap-default\">\n\t\t\t\t\t<div class=\"elementor-column elementor-col-100 elementor-top-column elementor-element elementor-element-8bfc5de\" data-id=\"8bfc5de\" data-element_type=\"column\" data-e-type=\"column\">\n\t\t\t<div class=\"elementor-widget-wrap elementor-element-populated\">\n\t\t\t\t\t\t<div class=\"elementor-element elementor-element-f9b4aa2 elementor-widget elementor-widget-spacer\" data-id=\"f9b4aa2\" data-element_type=\"widget\" data-e-type=\"widget\" data-widget_type=\"spacer.default\">\n\t\t\t\t<div class=\"elementor-widget-container\">\n\t\t\t\t\t\t\t<div class=\"elementor-spacer\">\n\t\t\t<div class=\"elementor-spacer-inner\"><\/div>\n\t\t<\/div>\n\t\t\t\t\t\t<\/div>\n\t\t\t\t<\/div>\n\t\t\t\t\t<\/div>\n\t\t<\/div>\n\t\t\t\t\t<\/div>\n\t\t<\/section>\n\t\t\t\t<\/div>\n\t\t","protected":false},"excerpt":{"rendered":"<p>\u00a0 \u00a0 \u00a0 \u00a0 \u00a0 \u00a0 \u00a0 \u00a0 \u00a0 \u00a0 \u00a0 \u00a0 \u00a0 \u00a0 \u00a0 \u00a0 \u00a0 \u00a0 \u00a0 \u00a0 \u00a0 \u00a0 \u00a0 \u00a0 \u00a0C\u00e9l\u00e9bration de No\u00ebl\u00a0\u00a0 \u00a0 \u00a0 \u00a0 [&hellip;]<\/p>\n","protected":false},"author":2,"featured_media":0,"parent":0,"menu_order":0,"comment_status":"closed","ping_status":"closed","template":"","meta":{"_price":"","_stock":"","_tribe_ticket_header":"","_tribe_default_ticket_provider":"","_tribe_ticket_capacity":"0","_ticket_start_date":"","_ticket_end_date":"","_tribe_ticket_show_description":"","_tribe_ticket_show_not_going":false,"_tribe_ticket_use_global_stock":"","_tribe_ticket_global_stock_level":"","_global_stock_mode":"","_global_stock_cap":"","_tribe_rsvp_for_event":"","_tribe_ticket_going_count":"","_tribe_ticket_not_going_count":"","_tribe_tickets_list":"[]","_tribe_ticket_has_attendee_info_fields":false,"ocean_post_layout":"full-screen","ocean_both_sidebars_style":"","ocean_both_sidebars_content_width":0,"ocean_both_sidebars_sidebars_width":0,"ocean_sidebar":"0","ocean_second_sidebar":"0","ocean_disable_margins":"enable","ocean_add_body_class":"","ocean_shortcode_before_top_bar":"","ocean_shortcode_after_top_bar":"","ocean_shortcode_before_header":"","ocean_shortcode_after_header":"","ocean_has_shortcode":"","ocean_shortcode_after_title":"","ocean_shortcode_before_footer_widgets":"","ocean_shortcode_after_footer_widgets":"","ocean_shortcode_before_footer_bottom":"","ocean_shortcode_after_footer_bottom":"","ocean_display_top_bar":"off","ocean_display_header":"default","ocean_header_style":"","ocean_center_header_left_menu":"0","ocean_custom_header_template":"0","ocean_custom_logo":0,"ocean_custom_retina_logo":0,"ocean_custom_logo_max_width":0,"ocean_custom_logo_tablet_max_width":0,"ocean_custom_logo_mobile_max_width":0,"ocean_custom_logo_max_height":0,"ocean_custom_logo_tablet_max_height":0,"ocean_custom_logo_mobile_max_height":0,"ocean_header_custom_menu":"0","ocean_menu_typo_font_family":"0","ocean_menu_typo_font_subset":"","ocean_menu_typo_font_size":0,"ocean_menu_typo_font_size_tablet":0,"ocean_menu_typo_font_size_mobile":0,"ocean_menu_typo_font_size_unit":"px","ocean_menu_typo_font_weight":"","ocean_menu_typo_font_weight_tablet":"","ocean_menu_typo_font_weight_mobile":"","ocean_menu_typo_transform":"","ocean_menu_typo_transform_tablet":"","ocean_menu_typo_transform_mobile":"","ocean_menu_typo_line_height":0,"ocean_menu_typo_line_height_tablet":0,"ocean_menu_typo_line_height_mobile":0,"ocean_menu_typo_line_height_unit":"","ocean_menu_typo_spacing":0,"ocean_menu_typo_spacing_tablet":0,"ocean_menu_typo_spacing_mobile":0,"ocean_menu_typo_spacing_unit":"","ocean_menu_link_color":"","ocean_menu_link_color_hover":"","ocean_menu_link_color_active":"","ocean_menu_link_background":"","ocean_menu_link_hover_background":"","ocean_menu_link_active_background":"","ocean_menu_social_links_bg":"","ocean_menu_social_hover_links_bg":"","ocean_menu_social_links_color":"","ocean_menu_social_hover_links_color":"","ocean_disable_title":"on","ocean_disable_heading":"default","ocean_post_title":"","ocean_post_subheading":"","ocean_post_title_style":"","ocean_post_title_background_color":"","ocean_post_title_background":0,"ocean_post_title_bg_image_position":"","ocean_post_title_bg_image_attachment":"","ocean_post_title_bg_image_repeat":"","ocean_post_title_bg_image_size":"","ocean_post_title_height":0,"ocean_post_title_bg_overlay":0.5,"ocean_post_title_bg_overlay_color":"","ocean_disable_breadcrumbs":"default","ocean_breadcrumbs_color":"","ocean_breadcrumbs_separator_color":"","ocean_breadcrumbs_links_color":"","ocean_breadcrumbs_links_hover_color":"","ocean_display_footer_widgets":"off","ocean_display_footer_bottom":"off","ocean_custom_footer_template":"0","footnotes":"","_tec_slr_enabled":"","_tec_slr_layout":""},"class_list":["post-136","page","type-page","status-publish","hentry","entry"],"yoast_head":"<!-- This site is optimized with the Yoast SEO plugin v27.5 - https:\/\/yoast.com\/product\/yoast-seo-wordpress\/ -->\n<title>Pastorale - Ecole Jeanne dArc Troyes<\/title>\n<meta name=\"description\" content=\"L&#039;\u00c9cole Jeanne d&#039;Arc est un \u00e9tablissement catholique sous contrat d&#039;association avec l&#039;\u00c9tat. Apprenons \u00e0 grandir ensemble !\" \/>\n<meta name=\"robots\" content=\"noindex, follow, max-snippet:-1, max-image-preview:large, max-video-preview:-1\" \/>\n<meta property=\"og:locale\" content=\"fr_FR\" \/>\n<meta property=\"og:type\" content=\"article\" \/>\n<meta property=\"og:title\" content=\"Pastorale - Ecole Jeanne dArc Troyes\" \/>\n<meta property=\"og:description\" content=\"L&#039;\u00c9cole Jeanne d&#039;Arc est un \u00e9tablissement catholique sous contrat d&#039;association avec l&#039;\u00c9tat. Apprenons \u00e0 grandir ensemble !\" \/>\n<meta property=\"og:url\" content=\"https:\/\/ecole-jeanne-darc-troyes.fr\/?page_id=136\" \/>\n<meta property=\"og:site_name\" content=\"Ecole Jeanne dArc Troyes\" \/>\n<meta property=\"article:modified_time\" content=\"2025-04-08T09:25:24+00:00\" \/>\n<meta property=\"og:image\" content=\"https:\/\/ecole-jeanne-darc-troyes.fr\/wp-content\/uploads\/2024\/12\/IMG_4532.jpg\" \/>\n<meta name=\"twitter:card\" content=\"summary_large_image\" \/>\n<meta name=\"twitter:label1\" content=\"Dur\u00e9e de lecture estim\u00e9e\" \/>\n\t<meta name=\"twitter:data1\" content=\"2 minutes\" \/>\n<script type=\"application\/ld+json\" class=\"yoast-schema-graph\">{\"@context\":\"https:\\\/\\\/schema.org\",\"@graph\":[{\"@type\":\"WebPage\",\"@id\":\"https:\\\/\\\/ecole-jeanne-darc-troyes.fr\\\/?page_id=136\",\"url\":\"https:\\\/\\\/ecole-jeanne-darc-troyes.fr\\\/?page_id=136\",\"name\":\"Pastorale - Ecole Jeanne dArc Troyes\",\"isPartOf\":{\"@id\":\"https:\\\/\\\/ecole-jeanne-darc-troyes.fr\\\/#website\"},\"primaryImageOfPage\":{\"@id\":\"https:\\\/\\\/ecole-jeanne-darc-troyes.fr\\\/?page_id=136#primaryimage\"},\"image\":{\"@id\":\"https:\\\/\\\/ecole-jeanne-darc-troyes.fr\\\/?page_id=136#primaryimage\"},\"thumbnailUrl\":\"https:\\\/\\\/ecole-jeanne-darc-troyes.fr\\\/wp-content\\\/uploads\\\/2024\\\/12\\\/IMG_4532.jpg\",\"datePublished\":\"2021-09-11T07:49:19+00:00\",\"dateModified\":\"2025-04-08T09:25:24+00:00\",\"description\":\"L'\u00c9cole Jeanne d'Arc est un \u00e9tablissement catholique sous contrat d'association avec l'\u00c9tat. Apprenons \u00e0 grandir ensemble !\",\"breadcrumb\":{\"@id\":\"https:\\\/\\\/ecole-jeanne-darc-troyes.fr\\\/?page_id=136#breadcrumb\"},\"inLanguage\":\"fr-FR\",\"potentialAction\":[{\"@type\":\"ReadAction\",\"target\":[\"https:\\\/\\\/ecole-jeanne-darc-troyes.fr\\\/?page_id=136\"]}]},{\"@type\":\"ImageObject\",\"inLanguage\":\"fr-FR\",\"@id\":\"https:\\\/\\\/ecole-jeanne-darc-troyes.fr\\\/?page_id=136#primaryimage\",\"url\":\"https:\\\/\\\/ecole-jeanne-darc-troyes.fr\\\/wp-content\\\/uploads\\\/2024\\\/12\\\/IMG_4532.jpg\",\"contentUrl\":\"https:\\\/\\\/ecole-jeanne-darc-troyes.fr\\\/wp-content\\\/uploads\\\/2024\\\/12\\\/IMG_4532.jpg\",\"width\":640,\"height\":480},{\"@type\":\"BreadcrumbList\",\"@id\":\"https:\\\/\\\/ecole-jeanne-darc-troyes.fr\\\/?page_id=136#breadcrumb\",\"itemListElement\":[{\"@type\":\"ListItem\",\"position\":1,\"name\":\"Accueil\",\"item\":\"https:\\\/\\\/ecole-jeanne-darc-troyes.fr\\\/\"},{\"@type\":\"ListItem\",\"position\":2,\"name\":\"Pastorale\"}]},{\"@type\":\"WebSite\",\"@id\":\"https:\\\/\\\/ecole-jeanne-darc-troyes.fr\\\/#website\",\"url\":\"https:\\\/\\\/ecole-jeanne-darc-troyes.fr\\\/\",\"name\":\"Ecole Jeanne dArc Troyes\",\"description\":\"Aider les enfants \u00e0 grandir\",\"publisher\":{\"@id\":\"https:\\\/\\\/ecole-jeanne-darc-troyes.fr\\\/#organization\"},\"potentialAction\":[{\"@type\":\"SearchAction\",\"target\":{\"@type\":\"EntryPoint\",\"urlTemplate\":\"https:\\\/\\\/ecole-jeanne-darc-troyes.fr\\\/?s={search_term_string}\"},\"query-input\":{\"@type\":\"PropertyValueSpecification\",\"valueRequired\":true,\"valueName\":\"search_term_string\"}}],\"inLanguage\":\"fr-FR\"},{\"@type\":\"Organization\",\"@id\":\"https:\\\/\\\/ecole-jeanne-darc-troyes.fr\\\/#organization\",\"name\":\"Ecole Jeanne dArc Troyes\",\"url\":\"https:\\\/\\\/ecole-jeanne-darc-troyes.fr\\\/\",\"logo\":{\"@type\":\"ImageObject\",\"inLanguage\":\"fr-FR\",\"@id\":\"https:\\\/\\\/ecole-jeanne-darc-troyes.fr\\\/#\\\/schema\\\/logo\\\/image\\\/\",\"url\":\"https:\\\/\\\/ecole-jeanne-darc-troyes.fr\\\/wp-content\\\/uploads\\\/2022\\\/03\\\/cropped-Logo-site.png\",\"contentUrl\":\"https:\\\/\\\/ecole-jeanne-darc-troyes.fr\\\/wp-content\\\/uploads\\\/2022\\\/03\\\/cropped-Logo-site.png\",\"width\":500,\"height\":240,\"caption\":\"Ecole Jeanne dArc Troyes\"},\"image\":{\"@id\":\"https:\\\/\\\/ecole-jeanne-darc-troyes.fr\\\/#\\\/schema\\\/logo\\\/image\\\/\"}}]}<\/script>\n<!-- \/ Yoast SEO plugin. -->","yoast_head_json":{"title":"Pastorale - Ecole Jeanne dArc Troyes","description":"L'\u00c9cole Jeanne d'Arc est un \u00e9tablissement catholique sous contrat d'association avec l'\u00c9tat. Apprenons \u00e0 grandir ensemble !","robots":{"index":"noindex","follow":"follow","max-snippet":"max-snippet:-1","max-image-preview":"max-image-preview:large","max-video-preview":"max-video-preview:-1"},"og_locale":"fr_FR","og_type":"article","og_title":"Pastorale - Ecole Jeanne dArc Troyes","og_description":"L'\u00c9cole Jeanne d'Arc est un \u00e9tablissement catholique sous contrat d'association avec l'\u00c9tat. Apprenons \u00e0 grandir ensemble !","og_url":"https:\/\/ecole-jeanne-darc-troyes.fr\/?page_id=136","og_site_name":"Ecole Jeanne dArc Troyes","article_modified_time":"2025-04-08T09:25:24+00:00","og_image":[{"url":"https:\/\/ecole-jeanne-darc-troyes.fr\/wp-content\/uploads\/2024\/12\/IMG_4532.jpg","type":"","width":"","height":""}],"twitter_card":"summary_large_image","twitter_misc":{"Dur\u00e9e de lecture estim\u00e9e":"2 minutes"},"schema":{"@context":"https:\/\/schema.org","@graph":[{"@type":"WebPage","@id":"https:\/\/ecole-jeanne-darc-troyes.fr\/?page_id=136","url":"https:\/\/ecole-jeanne-darc-troyes.fr\/?page_id=136","name":"Pastorale - Ecole Jeanne dArc Troyes","isPartOf":{"@id":"https:\/\/ecole-jeanne-darc-troyes.fr\/#website"},"primaryImageOfPage":{"@id":"https:\/\/ecole-jeanne-darc-troyes.fr\/?page_id=136#primaryimage"},"image":{"@id":"https:\/\/ecole-jeanne-darc-troyes.fr\/?page_id=136#primaryimage"},"thumbnailUrl":"https:\/\/ecole-jeanne-darc-troyes.fr\/wp-content\/uploads\/2024\/12\/IMG_4532.jpg","datePublished":"2021-09-11T07:49:19+00:00","dateModified":"2025-04-08T09:25:24+00:00","description":"L'\u00c9cole Jeanne d'Arc est un \u00e9tablissement catholique sous contrat d'association avec l'\u00c9tat. Apprenons \u00e0 grandir ensemble !","breadcrumb":{"@id":"https:\/\/ecole-jeanne-darc-troyes.fr\/?page_id=136#breadcrumb"},"inLanguage":"fr-FR","potentialAction":[{"@type":"ReadAction","target":["https:\/\/ecole-jeanne-darc-troyes.fr\/?page_id=136"]}]},{"@type":"ImageObject","inLanguage":"fr-FR","@id":"https:\/\/ecole-jeanne-darc-troyes.fr\/?page_id=136#primaryimage","url":"https:\/\/ecole-jeanne-darc-troyes.fr\/wp-content\/uploads\/2024\/12\/IMG_4532.jpg","contentUrl":"https:\/\/ecole-jeanne-darc-troyes.fr\/wp-content\/uploads\/2024\/12\/IMG_4532.jpg","width":640,"height":480},{"@type":"BreadcrumbList","@id":"https:\/\/ecole-jeanne-darc-troyes.fr\/?page_id=136#breadcrumb","itemListElement":[{"@type":"ListItem","position":1,"name":"Accueil","item":"https:\/\/ecole-jeanne-darc-troyes.fr\/"},{"@type":"ListItem","position":2,"name":"Pastorale"}]},{"@type":"WebSite","@id":"https:\/\/ecole-jeanne-darc-troyes.fr\/#website","url":"https:\/\/ecole-jeanne-darc-troyes.fr\/","name":"Ecole Jeanne dArc Troyes","description":"Aider les enfants \u00e0 grandir","publisher":{"@id":"https:\/\/ecole-jeanne-darc-troyes.fr\/#organization"},"potentialAction":[{"@type":"SearchAction","target":{"@type":"EntryPoint","urlTemplate":"https:\/\/ecole-jeanne-darc-troyes.fr\/?s={search_term_string}"},"query-input":{"@type":"PropertyValueSpecification","valueRequired":true,"valueName":"search_term_string"}}],"inLanguage":"fr-FR"},{"@type":"Organization","@id":"https:\/\/ecole-jeanne-darc-troyes.fr\/#organization","name":"Ecole Jeanne dArc Troyes","url":"https:\/\/ecole-jeanne-darc-troyes.fr\/","logo":{"@type":"ImageObject","inLanguage":"fr-FR","@id":"https:\/\/ecole-jeanne-darc-troyes.fr\/#\/schema\/logo\/image\/","url":"https:\/\/ecole-jeanne-darc-troyes.fr\/wp-content\/uploads\/2022\/03\/cropped-Logo-site.png","contentUrl":"https:\/\/ecole-jeanne-darc-troyes.fr\/wp-content\/uploads\/2022\/03\/cropped-Logo-site.png","width":500,"height":240,"caption":"Ecole Jeanne dArc Troyes"},"image":{"@id":"https:\/\/ecole-jeanne-darc-troyes.fr\/#\/schema\/logo\/image\/"}}]}},"ticketed":false,"_links":{"self":[{"href":"https:\/\/ecole-jeanne-darc-troyes.fr\/index.php?rest_route=\/wp\/v2\/pages\/136","targetHints":{"allow":["GET"]}}],"collection":[{"href":"https:\/\/ecole-jeanne-darc-troyes.fr\/index.php?rest_route=\/wp\/v2\/pages"}],"about":[{"href":"https:\/\/ecole-jeanne-darc-troyes.fr\/index.php?rest_route=\/wp\/v2\/types\/page"}],"author":[{"embeddable":true,"href":"https:\/\/ecole-jeanne-darc-troyes.fr\/index.php?rest_route=\/wp\/v2\/users\/2"}],"replies":[{"embeddable":true,"href":"https:\/\/ecole-jeanne-darc-troyes.fr\/index.php?rest_route=%2Fwp%2Fv2%2Fcomments&post=136"}],"version-history":[{"count":20,"href":"https:\/\/ecole-jeanne-darc-troyes.fr\/index.php?rest_route=\/wp\/v2\/pages\/136\/revisions"}],"predecessor-version":[{"id":1558,"href":"https:\/\/ecole-jeanne-darc-troyes.fr\/index.php?rest_route=\/wp\/v2\/pages\/136\/revisions\/1558"}],"wp:attachment":[{"href":"https:\/\/ecole-jeanne-darc-troyes.fr\/index.php?rest_route=%2Fwp%2Fv2%2Fmedia&parent=136"}],"curies":[{"name":"wp","href":"https:\/\/api.w.org\/{rel}","templated":true}]}}