{"id":926,"date":"2022-02-28T18:25:13","date_gmt":"2022-02-28T17:25:13","guid":{"rendered":"https:\/\/ecole-jeanne-darc-troyes.fr\/?page_id=926"},"modified":"2022-04-07T16:53:38","modified_gmt":"2022-04-07T14:53:38","slug":"contact","status":"publish","type":"page","link":"https:\/\/ecole-jeanne-darc-troyes.fr\/?page_id=926","title":{"rendered":"Contact"},"content":{"rendered":"\t\t<div data-elementor-type=\"wp-page\" data-elementor-id=\"926\" class=\"elementor elementor-926\" data-elementor-post-type=\"page\">\n\t\t\t\t\t\t<section class=\"elementor-section elementor-top-section elementor-element elementor-element-cbced70 elementor-section-full_width elementor-section-height-min-height elementor-section-height-default elementor-section-items-middle\" data-id=\"cbced70\" data-element_type=\"section\" data-e-type=\"section\" data-settings=\"{&quot;background_background&quot;:&quot;classic&quot;,&quot;shape_divider_bottom&quot;:&quot;mountains&quot;}\">\n\t\t\t\t\t\t\t<div class=\"elementor-background-overlay\"><\/div>\n\t\t\t\t\t\t<div class=\"elementor-shape elementor-shape-bottom\" aria-hidden=\"true\" data-negative=\"false\">\n\t\t\t<svg xmlns=\"http:\/\/www.w3.org\/2000\/svg\" viewBox=\"0 0 1000 100\" preserveAspectRatio=\"none\">\n\t<path class=\"elementor-shape-fill\" opacity=\"0.33\" d=\"M473,67.3c-203.9,88.3-263.1-34-320.3,0C66,119.1,0,59.7,0,59.7V0h1000v59.7 c0,0-62.1,26.1-94.9,29.3c-32.8,3.3-62.8-12.3-75.8-22.1C806,49.6,745.3,8.7,694.9,4.7S492.4,59,473,67.3z\"\/>\n\t<path class=\"elementor-shape-fill\" opacity=\"0.66\" d=\"M734,67.3c-45.5,0-77.2-23.2-129.1-39.1c-28.6-8.7-150.3-10.1-254,39.1 s-91.7-34.4-149.2,0C115.7,118.3,0,39.8,0,39.8V0h1000v36.5c0,0-28.2-18.5-92.1-18.5C810.2,18.1,775.7,67.3,734,67.3z\"\/>\n\t<path class=\"elementor-shape-fill\" d=\"M766.1,28.9c-200-57.5-266,65.5-395.1,19.5C242,1.8,242,5.4,184.8,20.6C128,35.8,132.3,44.9,89.9,52.5C28.6,63.7,0,0,0,0 h1000c0,0-9.9,40.9-83.6,48.1S829.6,47,766.1,28.9z\"\/>\n<\/svg>\t\t<\/div>\n\t\t\t\t\t<div class=\"elementor-container elementor-column-gap-default\">\n\t\t\t\t\t<div class=\"elementor-column elementor-col-100 elementor-top-column elementor-element elementor-element-09dd390\" data-id=\"09dd390\" data-element_type=\"column\" data-e-type=\"column\">\n\t\t\t<div class=\"elementor-widget-wrap elementor-element-populated\">\n\t\t\t\t\t\t<div class=\"elementor-element elementor-element-e4ce704 elementor-widget-divider--view-line elementor-widget elementor-widget-divider\" data-id=\"e4ce704\" data-element_type=\"widget\" data-e-type=\"widget\" data-widget_type=\"divider.default\">\n\t\t\t\t<div class=\"elementor-widget-container\">\n\t\t\t\t\t\t\t<div class=\"elementor-divider\">\n\t\t\t<span class=\"elementor-divider-separator\">\n\t\t\t\t\t\t<\/span>\n\t\t<\/div>\n\t\t\t\t\t\t<\/div>\n\t\t\t\t<\/div>\n\t\t\t\t<div class=\"elementor-element elementor-element-df88c06 elementor-absolute elementor-widget__width-inherit elementor-widget elementor-widget-heading\" data-id=\"df88c06\" data-element_type=\"widget\" data-e-type=\"widget\" data-settings=\"{&quot;_position&quot;:&quot;absolute&quot;}\" data-widget_type=\"heading.default\">\n\t\t\t\t<div class=\"elementor-widget-container\">\n\t\t\t\t\t<h2 class=\"elementor-heading-title elementor-size-medium\">Des questions ?<\/h2>\t\t\t\t<\/div>\n\t\t\t\t<\/div>\n\t\t\t\t<div class=\"elementor-element elementor-element-08bb5a6 elementor-absolute elementor-widget__width-inherit elementor-widget elementor-widget-text-editor\" data-id=\"08bb5a6\" data-element_type=\"widget\" data-e-type=\"widget\" data-settings=\"{&quot;_position&quot;:&quot;absolute&quot;}\" data-widget_type=\"text-editor.default\">\n\t\t\t\t<div class=\"elementor-widget-container\">\n\t\t\t\t\t\t\t\t\t<p>Laissez nous votre message \ud83d\ude09<\/p>\t\t\t\t\t\t\t\t<\/div>\n\t\t\t\t<\/div>\n\t\t\t\t\t<\/div>\n\t\t<\/div>\n\t\t\t\t\t<\/div>\n\t\t<\/section>\n\t\t\t\t<section class=\"elementor-section elementor-top-section elementor-element elementor-element-b4e88a2 elementor-section-boxed elementor-section-height-default elementor-section-height-default\" data-id=\"b4e88a2\" data-element_type=\"section\" data-e-type=\"section\">\n\t\t\t\t\t\t<div class=\"elementor-container elementor-column-gap-default\">\n\t\t\t\t\t<div class=\"elementor-column elementor-col-50 elementor-top-column elementor-element elementor-element-5180302\" data-id=\"5180302\" data-element_type=\"column\" data-e-type=\"column\">\n\t\t\t<div class=\"elementor-widget-wrap elementor-element-populated\">\n\t\t\t\t\t\t<div class=\"elementor-element elementor-element-0d6fa2b elementor-widget elementor-widget-spacer\" data-id=\"0d6fa2b\" data-element_type=\"widget\" data-e-type=\"widget\" data-widget_type=\"spacer.default\">\n\t\t\t\t<div class=\"elementor-widget-container\">\n\t\t\t\t\t\t\t<div class=\"elementor-spacer\">\n\t\t\t<div class=\"elementor-spacer-inner\"><\/div>\n\t\t<\/div>\n\t\t\t\t\t\t<\/div>\n\t\t\t\t<\/div>\n\t\t\t\t\t<\/div>\n\t\t<\/div>\n\t\t\t\t<div class=\"elementor-column elementor-col-50 elementor-top-column elementor-element elementor-element-8dfeaed\" data-id=\"8dfeaed\" data-element_type=\"column\" data-e-type=\"column\">\n\t\t\t<div class=\"elementor-widget-wrap elementor-element-populated\">\n\t\t\t\t\t\t<div class=\"elementor-element elementor-element-e5ae32e elementor-widget elementor-widget-image\" data-id=\"e5ae32e\" data-element_type=\"widget\" data-e-type=\"widget\" data-widget_type=\"image.default\">\n\t\t\t\t<div class=\"elementor-widget-container\">\n\t\t\t\t\t\t\t\t\t\t\t\t\t\t\t<img fetchpriority=\"high\" decoding=\"async\" width=\"1024\" height=\"726\" src=\"https:\/\/ecole-jeanne-darc-troyes.fr\/wp-content\/uploads\/2022\/03\/Contact--1024x726.png\" class=\"attachment-large size-large wp-image-968\" alt=\"\" srcset=\"https:\/\/ecole-jeanne-darc-troyes.fr\/wp-content\/uploads\/2022\/03\/Contact--1024x726.png 1024w, https:\/\/ecole-jeanne-darc-troyes.fr\/wp-content\/uploads\/2022\/03\/Contact--300x213.png 300w, https:\/\/ecole-jeanne-darc-troyes.fr\/wp-content\/uploads\/2022\/03\/Contact--768x545.png 768w, https:\/\/ecole-jeanne-darc-troyes.fr\/wp-content\/uploads\/2022\/03\/Contact--1536x1090.png 1536w, https:\/\/ecole-jeanne-darc-troyes.fr\/wp-content\/uploads\/2022\/03\/Contact-.png 1748w\" sizes=\"(max-width: 1024px) 100vw, 1024px\" \/>\t\t\t\t\t\t\t\t\t\t\t\t\t\t\t<\/div>\n\t\t\t\t<\/div>\n\t\t\t\t\t<\/div>\n\t\t<\/div>\n\t\t\t\t\t<\/div>\n\t\t<\/section>\n\t\t\t\t<\/div>\n\t\t","protected":false},"excerpt":{"rendered":"<p>Des questions ? Laissez nous votre message \ud83d\ude09 [wpforms id=\u00a0\u00bb94&Prime; title=\u00a0\u00bbfalse\u00a0\u00bb description=\u00a0\u00bbfalse\u00a0\u00bb]<\/p>\n","protected":false},"author":2,"featured_media":0,"parent":0,"menu_order":0,"comment_status":"closed","ping_status":"closed","template":"","meta":{"_price":"","_stock":"","_tribe_ticket_header":"","_tribe_default_ticket_provider":"","_tribe_ticket_capacity":"0","_ticket_start_date":"","_ticket_end_date":"","_tribe_ticket_show_description":"","_tribe_ticket_show_not_going":false,"_tribe_ticket_use_global_stock":"","_tribe_ticket_global_stock_level":"","_global_stock_mode":"","_global_stock_cap":"","_tribe_rsvp_for_event":"","_tribe_ticket_going_count":"","_tribe_ticket_not_going_count":"","_tribe_tickets_list":"[]","_tribe_ticket_has_attendee_info_fields":false,"ocean_post_layout":"full-screen","ocean_both_sidebars_style":"","ocean_both_sidebars_content_width":0,"ocean_both_sidebars_sidebars_width":0,"ocean_sidebar":"0","ocean_second_sidebar":"0","ocean_disable_margins":"enable","ocean_add_body_class":"","ocean_shortcode_before_top_bar":"","ocean_shortcode_after_top_bar":"","ocean_shortcode_before_header":"","ocean_shortcode_after_header":"","ocean_has_shortcode":"","ocean_shortcode_after_title":"","ocean_shortcode_before_footer_widgets":"","ocean_shortcode_after_footer_widgets":"","ocean_shortcode_before_footer_bottom":"","ocean_shortcode_after_footer_bottom":"","ocean_display_top_bar":"off","ocean_display_header":"default","ocean_header_style":"","ocean_center_header_left_menu":"0","ocean_custom_header_template":"0","ocean_custom_logo":0,"ocean_custom_retina_logo":0,"ocean_custom_logo_max_width":0,"ocean_custom_logo_tablet_max_width":0,"ocean_custom_logo_mobile_max_width":0,"ocean_custom_logo_max_height":0,"ocean_custom_logo_tablet_max_height":0,"ocean_custom_logo_mobile_max_height":0,"ocean_header_custom_menu":"0","ocean_menu_typo_font_family":"0","ocean_menu_typo_font_subset":"","ocean_menu_typo_font_size":0,"ocean_menu_typo_font_size_tablet":0,"ocean_menu_typo_font_size_mobile":0,"ocean_menu_typo_font_size_unit":"px","ocean_menu_typo_font_weight":"","ocean_menu_typo_font_weight_tablet":"","ocean_menu_typo_font_weight_mobile":"","ocean_menu_typo_transform":"","ocean_menu_typo_transform_tablet":"","ocean_menu_typo_transform_mobile":"","ocean_menu_typo_line_height":0,"ocean_menu_typo_line_height_tablet":0,"ocean_menu_typo_line_height_mobile":0,"ocean_menu_typo_line_height_unit":"","ocean_menu_typo_spacing":0,"ocean_menu_typo_spacing_tablet":0,"ocean_menu_typo_spacing_mobile":0,"ocean_menu_typo_spacing_unit":"","ocean_menu_link_color":"","ocean_menu_link_color_hover":"","ocean_menu_link_color_active":"","ocean_menu_link_background":"","ocean_menu_link_hover_background":"","ocean_menu_link_active_background":"","ocean_menu_social_links_bg":"","ocean_menu_social_hover_links_bg":"","ocean_menu_social_links_color":"","ocean_menu_social_hover_links_color":"","ocean_disable_title":"on","ocean_disable_heading":"default","ocean_post_title":"","ocean_post_subheading":"","ocean_post_title_style":"","ocean_post_title_background_color":"","ocean_post_title_background":0,"ocean_post_title_bg_image_position":"","ocean_post_title_bg_image_attachment":"","ocean_post_title_bg_image_repeat":"","ocean_post_title_bg_image_size":"","ocean_post_title_height":0,"ocean_post_title_bg_overlay":0.5,"ocean_post_title_bg_overlay_color":"","ocean_disable_breadcrumbs":"default","ocean_breadcrumbs_color":"","ocean_breadcrumbs_separator_color":"","ocean_breadcrumbs_links_color":"","ocean_breadcrumbs_links_hover_color":"","ocean_display_footer_widgets":"off","ocean_display_footer_bottom":"off","ocean_custom_footer_template":"0","footnotes":"","_tec_slr_enabled":"","_tec_slr_layout":""},"class_list":["post-926","page","type-page","status-publish","hentry","entry"],"yoast_head":"<!-- This site is optimized with the Yoast SEO plugin v27.5 - https:\/\/yoast.com\/product\/yoast-seo-wordpress\/ -->\n<title>Contact - Ecole Jeanne dArc Troyes<\/title>\n<meta name=\"description\" content=\"L&#039;\u00c9cole Jeanne d&#039;Arc est un \u00e9tablissement catholique sous contrat d&#039;association avec l&#039;\u00c9tat. Apprenons \u00e0 grandir ensemble !\" \/>\n<meta name=\"robots\" content=\"noindex, follow, max-snippet:-1, max-image-preview:large, max-video-preview:-1\" \/>\n<meta property=\"og:locale\" content=\"fr_FR\" \/>\n<meta property=\"og:type\" content=\"article\" \/>\n<meta property=\"og:title\" content=\"Contact - Ecole Jeanne dArc Troyes\" \/>\n<meta property=\"og:description\" content=\"L&#039;\u00c9cole Jeanne d&#039;Arc est un \u00e9tablissement catholique sous contrat d&#039;association avec l&#039;\u00c9tat. Apprenons \u00e0 grandir ensemble !\" \/>\n<meta property=\"og:url\" content=\"https:\/\/ecole-jeanne-darc-troyes.fr\/?page_id=926\" \/>\n<meta property=\"og:site_name\" content=\"Ecole Jeanne dArc Troyes\" \/>\n<meta property=\"article:modified_time\" content=\"2022-04-07T14:53:38+00:00\" \/>\n<meta property=\"og:image\" content=\"https:\/\/ecole-jeanne-darc-troyes.fr\/wp-content\/uploads\/2022\/03\/Contact--1024x726.png\" \/>\n<meta name=\"twitter:card\" content=\"summary_large_image\" \/>\n<script type=\"application\/ld+json\" class=\"yoast-schema-graph\">{\"@context\":\"https:\\\/\\\/schema.org\",\"@graph\":[{\"@type\":\"WebPage\",\"@id\":\"https:\\\/\\\/ecole-jeanne-darc-troyes.fr\\\/?page_id=926\",\"url\":\"https:\\\/\\\/ecole-jeanne-darc-troyes.fr\\\/?page_id=926\",\"name\":\"Contact - Ecole Jeanne dArc Troyes\",\"isPartOf\":{\"@id\":\"https:\\\/\\\/ecole-jeanne-darc-troyes.fr\\\/#website\"},\"primaryImageOfPage\":{\"@id\":\"https:\\\/\\\/ecole-jeanne-darc-troyes.fr\\\/?page_id=926#primaryimage\"},\"image\":{\"@id\":\"https:\\\/\\\/ecole-jeanne-darc-troyes.fr\\\/?page_id=926#primaryimage\"},\"thumbnailUrl\":\"https:\\\/\\\/ecole-jeanne-darc-troyes.fr\\\/wp-content\\\/uploads\\\/2022\\\/03\\\/Contact--1024x726.png\",\"datePublished\":\"2022-02-28T17:25:13+00:00\",\"dateModified\":\"2022-04-07T14:53:38+00:00\",\"description\":\"L'\u00c9cole Jeanne d'Arc est un \u00e9tablissement catholique sous contrat d'association avec l'\u00c9tat. Apprenons \u00e0 grandir ensemble !\",\"breadcrumb\":{\"@id\":\"https:\\\/\\\/ecole-jeanne-darc-troyes.fr\\\/?page_id=926#breadcrumb\"},\"inLanguage\":\"fr-FR\",\"potentialAction\":[{\"@type\":\"ReadAction\",\"target\":[\"https:\\\/\\\/ecole-jeanne-darc-troyes.fr\\\/?page_id=926\"]}]},{\"@type\":\"ImageObject\",\"inLanguage\":\"fr-FR\",\"@id\":\"https:\\\/\\\/ecole-jeanne-darc-troyes.fr\\\/?page_id=926#primaryimage\",\"url\":\"https:\\\/\\\/ecole-jeanne-darc-troyes.fr\\\/wp-content\\\/uploads\\\/2022\\\/03\\\/Contact-.png\",\"contentUrl\":\"https:\\\/\\\/ecole-jeanne-darc-troyes.fr\\\/wp-content\\\/uploads\\\/2022\\\/03\\\/Contact-.png\",\"width\":1748,\"height\":1240},{\"@type\":\"BreadcrumbList\",\"@id\":\"https:\\\/\\\/ecole-jeanne-darc-troyes.fr\\\/?page_id=926#breadcrumb\",\"itemListElement\":[{\"@type\":\"ListItem\",\"position\":1,\"name\":\"Accueil\",\"item\":\"https:\\\/\\\/ecole-jeanne-darc-troyes.fr\\\/\"},{\"@type\":\"ListItem\",\"position\":2,\"name\":\"Contact\"}]},{\"@type\":\"WebSite\",\"@id\":\"https:\\\/\\\/ecole-jeanne-darc-troyes.fr\\\/#website\",\"url\":\"https:\\\/\\\/ecole-jeanne-darc-troyes.fr\\\/\",\"name\":\"Ecole Jeanne dArc Troyes\",\"description\":\"Aider les enfants \u00e0 grandir\",\"publisher\":{\"@id\":\"https:\\\/\\\/ecole-jeanne-darc-troyes.fr\\\/#organization\"},\"potentialAction\":[{\"@type\":\"SearchAction\",\"target\":{\"@type\":\"EntryPoint\",\"urlTemplate\":\"https:\\\/\\\/ecole-jeanne-darc-troyes.fr\\\/?s={search_term_string}\"},\"query-input\":{\"@type\":\"PropertyValueSpecification\",\"valueRequired\":true,\"valueName\":\"search_term_string\"}}],\"inLanguage\":\"fr-FR\"},{\"@type\":\"Organization\",\"@id\":\"https:\\\/\\\/ecole-jeanne-darc-troyes.fr\\\/#organization\",\"name\":\"Ecole Jeanne dArc Troyes\",\"url\":\"https:\\\/\\\/ecole-jeanne-darc-troyes.fr\\\/\",\"logo\":{\"@type\":\"ImageObject\",\"inLanguage\":\"fr-FR\",\"@id\":\"https:\\\/\\\/ecole-jeanne-darc-troyes.fr\\\/#\\\/schema\\\/logo\\\/image\\\/\",\"url\":\"https:\\\/\\\/ecole-jeanne-darc-troyes.fr\\\/wp-content\\\/uploads\\\/2022\\\/03\\\/cropped-Logo-site.png\",\"contentUrl\":\"https:\\\/\\\/ecole-jeanne-darc-troyes.fr\\\/wp-content\\\/uploads\\\/2022\\\/03\\\/cropped-Logo-site.png\",\"width\":500,\"height\":240,\"caption\":\"Ecole Jeanne dArc Troyes\"},\"image\":{\"@id\":\"https:\\\/\\\/ecole-jeanne-darc-troyes.fr\\\/#\\\/schema\\\/logo\\\/image\\\/\"}}]}<\/script>\n<!-- \/ Yoast SEO plugin. -->","yoast_head_json":{"title":"Contact - Ecole Jeanne dArc Troyes","description":"L'\u00c9cole Jeanne d'Arc est un \u00e9tablissement catholique sous contrat d'association avec l'\u00c9tat. Apprenons \u00e0 grandir ensemble !","robots":{"index":"noindex","follow":"follow","max-snippet":"max-snippet:-1","max-image-preview":"max-image-preview:large","max-video-preview":"max-video-preview:-1"},"og_locale":"fr_FR","og_type":"article","og_title":"Contact - Ecole Jeanne dArc Troyes","og_description":"L'\u00c9cole Jeanne d'Arc est un \u00e9tablissement catholique sous contrat d'association avec l'\u00c9tat. Apprenons \u00e0 grandir ensemble !","og_url":"https:\/\/ecole-jeanne-darc-troyes.fr\/?page_id=926","og_site_name":"Ecole Jeanne dArc Troyes","article_modified_time":"2022-04-07T14:53:38+00:00","og_image":[{"url":"https:\/\/ecole-jeanne-darc-troyes.fr\/wp-content\/uploads\/2022\/03\/Contact--1024x726.png","type":"","width":"","height":""}],"twitter_card":"summary_large_image","schema":{"@context":"https:\/\/schema.org","@graph":[{"@type":"WebPage","@id":"https:\/\/ecole-jeanne-darc-troyes.fr\/?page_id=926","url":"https:\/\/ecole-jeanne-darc-troyes.fr\/?page_id=926","name":"Contact - Ecole Jeanne dArc Troyes","isPartOf":{"@id":"https:\/\/ecole-jeanne-darc-troyes.fr\/#website"},"primaryImageOfPage":{"@id":"https:\/\/ecole-jeanne-darc-troyes.fr\/?page_id=926#primaryimage"},"image":{"@id":"https:\/\/ecole-jeanne-darc-troyes.fr\/?page_id=926#primaryimage"},"thumbnailUrl":"https:\/\/ecole-jeanne-darc-troyes.fr\/wp-content\/uploads\/2022\/03\/Contact--1024x726.png","datePublished":"2022-02-28T17:25:13+00:00","dateModified":"2022-04-07T14:53:38+00:00","description":"L'\u00c9cole Jeanne d'Arc est un \u00e9tablissement catholique sous contrat d'association avec l'\u00c9tat. Apprenons \u00e0 grandir ensemble !","breadcrumb":{"@id":"https:\/\/ecole-jeanne-darc-troyes.fr\/?page_id=926#breadcrumb"},"inLanguage":"fr-FR","potentialAction":[{"@type":"ReadAction","target":["https:\/\/ecole-jeanne-darc-troyes.fr\/?page_id=926"]}]},{"@type":"ImageObject","inLanguage":"fr-FR","@id":"https:\/\/ecole-jeanne-darc-troyes.fr\/?page_id=926#primaryimage","url":"https:\/\/ecole-jeanne-darc-troyes.fr\/wp-content\/uploads\/2022\/03\/Contact-.png","contentUrl":"https:\/\/ecole-jeanne-darc-troyes.fr\/wp-content\/uploads\/2022\/03\/Contact-.png","width":1748,"height":1240},{"@type":"BreadcrumbList","@id":"https:\/\/ecole-jeanne-darc-troyes.fr\/?page_id=926#breadcrumb","itemListElement":[{"@type":"ListItem","position":1,"name":"Accueil","item":"https:\/\/ecole-jeanne-darc-troyes.fr\/"},{"@type":"ListItem","position":2,"name":"Contact"}]},{"@type":"WebSite","@id":"https:\/\/ecole-jeanne-darc-troyes.fr\/#website","url":"https:\/\/ecole-jeanne-darc-troyes.fr\/","name":"Ecole Jeanne dArc Troyes","description":"Aider les enfants \u00e0 grandir","publisher":{"@id":"https:\/\/ecole-jeanne-darc-troyes.fr\/#organization"},"potentialAction":[{"@type":"SearchAction","target":{"@type":"EntryPoint","urlTemplate":"https:\/\/ecole-jeanne-darc-troyes.fr\/?s={search_term_string}"},"query-input":{"@type":"PropertyValueSpecification","valueRequired":true,"valueName":"search_term_string"}}],"inLanguage":"fr-FR"},{"@type":"Organization","@id":"https:\/\/ecole-jeanne-darc-troyes.fr\/#organization","name":"Ecole Jeanne dArc Troyes","url":"https:\/\/ecole-jeanne-darc-troyes.fr\/","logo":{"@type":"ImageObject","inLanguage":"fr-FR","@id":"https:\/\/ecole-jeanne-darc-troyes.fr\/#\/schema\/logo\/image\/","url":"https:\/\/ecole-jeanne-darc-troyes.fr\/wp-content\/uploads\/2022\/03\/cropped-Logo-site.png","contentUrl":"https:\/\/ecole-jeanne-darc-troyes.fr\/wp-content\/uploads\/2022\/03\/cropped-Logo-site.png","width":500,"height":240,"caption":"Ecole Jeanne dArc Troyes"},"image":{"@id":"https:\/\/ecole-jeanne-darc-troyes.fr\/#\/schema\/logo\/image\/"}}]}},"ticketed":false,"_links":{"self":[{"href":"https:\/\/ecole-jeanne-darc-troyes.fr\/index.php?rest_route=\/wp\/v2\/pages\/926","targetHints":{"allow":["GET"]}}],"collection":[{"href":"https:\/\/ecole-jeanne-darc-troyes.fr\/index.php?rest_route=\/wp\/v2\/pages"}],"about":[{"href":"https:\/\/ecole-jeanne-darc-troyes.fr\/index.php?rest_route=\/wp\/v2\/types\/page"}],"author":[{"embeddable":true,"href":"https:\/\/ecole-jeanne-darc-troyes.fr\/index.php?rest_route=\/wp\/v2\/users\/2"}],"replies":[{"embeddable":true,"href":"https:\/\/ecole-jeanne-darc-troyes.fr\/index.php?rest_route=%2Fwp%2Fv2%2Fcomments&post=926"}],"version-history":[{"count":22,"href":"https:\/\/ecole-jeanne-darc-troyes.fr\/index.php?rest_route=\/wp\/v2\/pages\/926\/revisions"}],"predecessor-version":[{"id":1021,"href":"https:\/\/ecole-jeanne-darc-troyes.fr\/index.php?rest_route=\/wp\/v2\/pages\/926\/revisions\/1021"}],"wp:attachment":[{"href":"https:\/\/ecole-jeanne-darc-troyes.fr\/index.php?rest_route=%2Fwp%2Fv2%2Fmedia&parent=926"}],"curies":[{"name":"wp","href":"https:\/\/api.w.org\/{rel}","templated":true}]}}